{"id":44423,"date":"2025-02-23T03:36:33","date_gmt":"2025-02-23T03:36:33","guid":{"rendered":"https:\/\/outperform.pl\/?page_id=44423"},"modified":"2025-03-31T09:08:33","modified_gmt":"2025-03-31T09:08:33","slug":"organizational-development-2","status":"publish","type":"page","link":"https:\/\/outperform.pl\/pl\/organizational-development-2\/","title":{"rendered":"Organizational Development"},"content":{"rendered":"<div data-elementor-type=\"wp-page\" data-elementor-id=\"44423\" class=\"elementor elementor-44423\">\n\t\t\t\t<div class=\"elementor-element elementor-element-2ec15c8 e-flex e-con-boxed e-con e-parent\" data-id=\"2ec15c8\" data-element_type=\"container\">\n\t\t\t\t\t<div class=\"e-con-inner\">\n\t\t\t\t<div class=\"elementor-element elementor-element-3efa94a elementor-widget elementor-widget-ceaposts\" data-id=\"3efa94a\" data-element_type=\"widget\" data-widget_type=\"ceaposts.default\">\n\t\t\t\t\r\n\t\t<div class=\"elementor-widget-container blog-wrapper blog-style-classic-pro blog-light blog-normal-model\">\r\n\t\t\r\n\t\t\t<div class=\"row\"><div class=\"col-lg-4 col-md-4\"><div class=\"blog-inner\"><div class=\"post-thumb\"><a href=\"https:\/\/outperform.pl\/pl\/patrz-gdzie-jedziesz-bo-dojedziesz-tam-gdzie-patrzysz-zarzadzanie-celami-w-praktyce\/\" class=\"post-image-link\"><img decoding=\"async\" src=\"https:\/\/outperform.pl\/wp-content\/uploads\/2025\/03\/asia-e1743414427715.jpg\" title=\"asia\" alt=\"\" class=\"img-fluid squared\" \/><\/a><\/div><!-- .post-thumb --><div class=\"post-details-outer\"><div class=\"entry-title\"><h3 class=\"post-title-head\"><a href=\"https:\/\/outperform.pl\/pl\/patrz-gdzie-jedziesz-bo-dojedziesz-tam-gdzie-patrzysz-zarzadzanie-celami-w-praktyce\/\" class=\"post-title\">Patrz gdzie jedziesz, bo dojedziesz tam, gdzie patrzysz \u2013 Zarz\u0105dzanie Celami w Praktyce<\/a><\/h3><\/div><!-- .entry-title --><div class=\"post-excerpt\"><p>Dosta\u0142am kiedy\u015b bardzo warto\u015bciow\u0105 rad\u0119 \u2013 i to nie by\u0142a rada zwi\u0105zana z prowadzeniem firmy, czy zespo\u0142u. To by\u0142a rada..<\/p>\n<\/div><!-- .post-excerpt --><\/div><!-- .post-details-outer --><\/div><!-- .blog-inner --><\/div><!-- .col \/ .owl-carousel-item \/ .isotope --><div class=\"col-lg-4 col-md-4\"><div class=\"blog-inner\"><div class=\"post-thumb\"><a href=\"https:\/\/outperform.pl\/pl\/metakomunikacja-klucz-do-skutecznych-interakcji\/\" class=\"post-image-link\"><img decoding=\"async\" src=\"https:\/\/outperform.pl\/wp-content\/uploads\/2025\/03\/metakomunikaja.png\" title=\"metakomunikaja\" alt=\"\" class=\"img-fluid squared img-fluid squared\" \/><\/a><\/div><!-- .post-thumb --><div class=\"post-details-outer\"><div class=\"entry-title\"><h3 class=\"post-title-head\"><a href=\"https:\/\/outperform.pl\/pl\/metakomunikacja-klucz-do-skutecznych-interakcji\/\" class=\"post-title\">Metakomunikacja \u2013 klucz do skutecznych interakcji<\/a><\/h3><\/div><!-- .entry-title --><div class=\"post-excerpt\"><p>Przypominasz sobie ostatni\u0105 domow\u0105 rozmow\u0119, kiedy us\u0142ysza\u0142e\u015b od swojego partnera b\u0105d\u017a partnerki \u201ca r\u00f3b co chcesz\u201d? Albo inn\u0105 sytuacj\u0119, gdy..<\/p>\n<\/div><!-- .post-excerpt --><\/div><!-- .post-details-outer --><\/div><!-- .blog-inner --><\/div><!-- .col \/ .owl-carousel-item \/ .isotope --><\/div><!-- .row -->\t\t\t\r\n\t\t<\/div>\r\n\t\t\t\t<\/div>\n\t\t\t\t\t<\/div>\n\t\t\t\t<\/div>\n\t\t\t\t<\/div>","protected":false},"excerpt":{"rendered":"<p>Patrz gdzie jedziesz, bo dojedziesz tam, gdzie patrzysz \u2013 Zarz\u0105dzanie Celami w Praktyce Dosta\u0142am kiedy\u015b bardzo warto\u015bciow\u0105 rad\u0119 \u2013 i..<\/p>","protected":false},"author":1,"featured_media":0,"parent":0,"menu_order":0,"comment_status":"closed","ping_status":"closed","template":"","meta":{"footnotes":""},"class_list":["post-44423","page","type-page","status-publish","hentry"],"_links":{"self":[{"href":"https:\/\/outperform.pl\/pl\/wp-json\/wp\/v2\/pages\/44423","targetHints":{"allow":["GET"]}}],"collection":[{"href":"https:\/\/outperform.pl\/pl\/wp-json\/wp\/v2\/pages"}],"about":[{"href":"https:\/\/outperform.pl\/pl\/wp-json\/wp\/v2\/types\/page"}],"author":[{"embeddable":true,"href":"https:\/\/outperform.pl\/pl\/wp-json\/wp\/v2\/users\/1"}],"replies":[{"embeddable":true,"href":"https:\/\/outperform.pl\/pl\/wp-json\/wp\/v2\/comments?post=44423"}],"version-history":[{"count":29,"href":"https:\/\/outperform.pl\/pl\/wp-json\/wp\/v2\/pages\/44423\/revisions"}],"predecessor-version":[{"id":44899,"href":"https:\/\/outperform.pl\/pl\/wp-json\/wp\/v2\/pages\/44423\/revisions\/44899"}],"wp:attachment":[{"href":"https:\/\/outperform.pl\/pl\/wp-json\/wp\/v2\/media?parent=44423"}],"curies":[{"name":"wp","href":"https:\/\/api.w.org\/{rel}","templated":true}]}}